{"id":47,"date":"2015-04-27T13:56:44","date_gmt":"2015-04-27T11:56:44","guid":{"rendered":"http:\/\/smdc.uniud.it\/smdc\/?page_id=47"},"modified":"2023-10-02T11:04:16","modified_gmt":"2023-10-02T09:04:16","slug":"infobc","status":"publish","type":"page","link":"http:\/\/smdc.uniud.it\/smdc\/infobc\/","title":{"rendered":"infoBC"},"content":{"rendered":"\n<h2 class=\"wp-block-heading\">Progetto regionale infoBC (Informatica e Web per i Beni Culturali)<\/h2>\n\n\n\n<p>Il progetto Informatica e Web per i Beni Culturali, promosso dall\u2019Universit\u00e0 degli Studi di Udine e finanziato dalla Regione Autonoma Friuli Venezia Giulia (L. R. 26\/2005, art. 23), si propone di applicare le pi\u00f9 avanzate tecnologie informatiche al settore del Turismo Culturale, migliorando gli strumenti per la conoscenza, la tutela e la valorizzazione del patrimonio artistico e insieme del territorio della Regione. In particolare si propone di offrire servizi innovativi mobili e 3D per il Turismo Culturale.<\/p>\n\n\n\n<p>Il Progetto: <a rel=\"noreferrer noopener\" href=\"http:\/\/infobc.uniud.it\/progetto\" target=\"_blank\">infoBC<\/a><\/p>\n\n\n\n<h2 class=\"wp-block-heading\">Guida Mobile Indoor<\/h2>\n\n\n\n<p>Il laboratorio collabora in tale progetto tramite l\u2019ottimizzazione dell\u2019infrastruttura del CAB per la realizzazione di una guida turistica per interni da utilizzare su dispositivi mobili.<\/p>\n\n\n\n<p>La guida mobile per interni si propone di supportare le visite culturali nei musei o in altri siti culturali indoor tramite l\u2019utilizzo di un applicativo in grado di:<\/p>\n\n\n\n<ul class=\"wp-block-list\">\n<li>supportare il turista con informazioni pertinenti al luogo, al momento e alla modalit\u00e0 di reperimento delle stesse;<\/li>\n\n\n\n<li>garantire l\u2019accesso a informazioni localizzate e contestualizzate, offrendo un\u2019esperienza di utilizzo innovativa per l\u2019utente;<\/li>\n\n\n\n<li>permettere l\u2019utilizzo dei dispositivi comunemente a disposizione degli utenti.<\/li>\n<\/ul>\n\n\n\n<p>Per garantire tutto ci\u00f2 \u00e8 stata svolta un\u2019attivit\u00e0 di ottimizzazione e riadattamento del Context Aware Browser.<br>La determinazione del contesto da parte della guida mobile viene garantita tramite un sistema di posizionamento indoor, scelto in quanto la localizzazione riveste un ruolo fondamentale nello sviluppo di applicazioni context-aware. L\u2019estrema diffusione delle tecnologie wireless, affiancate dall\u2019evoluzione tecnologica dei dispositivi mobili, ha permesso lo sviluppo di nuove tecniche e strumenti utili nell\u2019ambito context-aware.<\/p>\n\n\n\n<p>GPS, QRCode, WiFi, reti GSM sono attualmente le principali tecnologie disponibili per il posizionamento in ambienti esterni ed interni. Tra tutte queste tecnologie, quelle pi\u00f9 adatte alla localizzazione in ambienti indoor si sono rivelate essere quelle basate sull\u2019utilizzo della rete 802.11 (WiFi) e dei QRCode, in quanto pi\u00f9 economiche, pi\u00f9 diffuse e pi\u00f9 facile da applicare. Pertanto si \u00e8 deciso di utilizzare queste due tecnologie nel sistema di posizionamento utilizzato dalla guida.<\/p>\n\n\n\n<p>Vista la necessit\u00e0 di presentare all\u2019utilizzatore della guida mobile dei contenuti complessi e ricchi di informazioni, si \u00e8 optato per concentrarsi principalmente su alcune tipologie di cellulari, in particolare iPhone e dispositivi Android.<\/p>\n\n\n\n<figure class=\"wp-block-image size-full\"><img loading=\"lazy\" decoding=\"async\" width=\"600\" height=\"275\" src=\"http:\/\/smdc.uniud.it\/smdc\/wp-content\/uploads\/2023\/10\/infobc.jpeg\" alt=\"\" class=\"wp-image-1011\" srcset=\"http:\/\/smdc.uniud.it\/smdc\/wp-content\/uploads\/2023\/10\/infobc.jpeg 600w, http:\/\/smdc.uniud.it\/smdc\/wp-content\/uploads\/2023\/10\/infobc-300x138.jpeg 300w\" sizes=\"auto, (max-width: 600px) 100vw, 600px\" \/><\/figure>\n","protected":false},"excerpt":{"rendered":"<p>Progetto regionale infoBC (Informatica e Web per i Beni Culturali) Il progetto Informatica e Web per i Beni Culturali, promosso dall\u2019Universit\u00e0 degli Studi di Udine e finanziato dalla Regione Autonoma Friuli Venezia Giulia (L. R. 26\/2005, art. 23), si propone di applicare le pi\u00f9 avanzate tecnologie informatiche al settore del Turismo Culturale, migliorando gli strumenti&hellip; <a class=\"more-link\" href=\"http:\/\/smdc.uniud.it\/smdc\/infobc\/\">Continua a leggere <span class=\"screen-reader-text\">infoBC<\/span><\/a><\/p>\n","protected":false},"author":2,"featured_media":0,"parent":0,"menu_order":0,"comment_status":"closed","ping_status":"closed","template":"","meta":{"footnotes":""},"class_list":["post-47","page","type-page","status-publish","hentry","entry"],"_links":{"self":[{"href":"http:\/\/smdc.uniud.it\/smdc\/wp-json\/wp\/v2\/pages\/47","targetHints":{"allow":["GET"]}}],"collection":[{"href":"http:\/\/smdc.uniud.it\/smdc\/wp-json\/wp\/v2\/pages"}],"about":[{"href":"http:\/\/smdc.uniud.it\/smdc\/wp-json\/wp\/v2\/types\/page"}],"author":[{"embeddable":true,"href":"http:\/\/smdc.uniud.it\/smdc\/wp-json\/wp\/v2\/users\/2"}],"replies":[{"embeddable":true,"href":"http:\/\/smdc.uniud.it\/smdc\/wp-json\/wp\/v2\/comments?post=47"}],"version-history":[{"count":2,"href":"http:\/\/smdc.uniud.it\/smdc\/wp-json\/wp\/v2\/pages\/47\/revisions"}],"predecessor-version":[{"id":1012,"href":"http:\/\/smdc.uniud.it\/smdc\/wp-json\/wp\/v2\/pages\/47\/revisions\/1012"}],"wp:attachment":[{"href":"http:\/\/smdc.uniud.it\/smdc\/wp-json\/wp\/v2\/media?parent=47"}],"curies":[{"name":"wp","href":"https:\/\/api.w.org\/{rel}","templated":true}]}}