{"id":46,"date":"2015-04-27T13:56:33","date_gmt":"2015-04-27T11:56:33","guid":{"rendered":"http:\/\/smdc.uniud.it\/smdc\/?page_id=46"},"modified":"2023-10-02T10:53:09","modified_gmt":"2023-10-02T08:53:09","slug":"firb","status":"publish","type":"page","link":"http:\/\/smdc.uniud.it\/smdc\/firb\/","title":{"rendered":"FIRB EU-India"},"content":{"rendered":"\n<p>Il progetto <a href=\"http:\/\/www.ricercaitaliana.it\/firb\/dettaglio_completo_firb-RBIN04M8S8.htm\">FIRB<\/a>, coordinato dall\u2019Universit\u00e0 degli Studi di Udine in collaborazione con il B.M. Birla Science Centre, si pone come obiettivo di personalizzare, sperimentare, verificare e gestire software e infrastrutture di rete per incrementare la diffusione, l\u2019accorpamento e l\u2019utilizzo di dati, informazioni e conoscenza, all\u2019interno dell\u2019universit\u00e0, dei centri di ricerca e dell\u2019industria. <\/p>\n\n\n\n<p><a href=\"http:\/\/euindia.dimi.uniud.it\/\">ICT for EU-India Cross Cultural Dissemination<\/a><\/p>\n\n\n\n<p>Il laboratorio collabora in tale progetto su due argomenti:<\/p>\n\n\n\n<h2 class=\"wp-block-heading\" style=\"font-style:normal;font-weight:400\">mDvara 2.0<\/h2>\n\n\n\n<p>Il modello sulla quale si basa l\u2019applicazione mDvara 2.0 cerca di applicare le dinamiche sociali del web 2.0 e del mobile 2.0 al settore del patrimonio culturale.<\/p>\n\n\n\n<p>Sfruttando i concetti del web 2.0 e dei software sociali si \u00e8 in grado di creare delle applicazioni web basate sul concetto della \u201carchitettura della partecipazione\u201d. Questo concetto di architettura cerca di fornire un alto livello di interazione tra gli utenti al fine di permettere agli stessi di generare, condividere e gestire i contenuti. Grazie a questo approccio le persone non sono pi\u00f9 solo degli utenti passivi ma diventano attori principali e fornitori di contenuti: gli utenti scrivono post nei blog e commenti, creano tag, link, ed effettuano upload di foto, immagini, video e podcast.<\/p>\n\n\n\n<p>Un numero sempre crescente di istituzioni e musei stanno introducendo nei loro progetti delle applicazioni web 2.0, tuttavia le principali sorgenti di conoscenza rimangono sempre un piccolo gruppo di esperti. L\u2019approccio offerto tramite mDvara 2.0 \u00e8 differente: si vuole far diventare gli utenti, la folla, i principali produttori di contenuti. Questo approccio si basa sulla convinzione che gli utenti possano essere dei produttori di contenuti affidabili ed efficienti, e che il sapere della folla sia una fonte di conoscenza molto importante. Pu\u00f2 la folla partecipare attivamente nella vita del patrimonio culturale? Pu\u00f2 la folla diventare un buon creatore di contenuti? Crediamo che ci\u00f2 sia possibile o almeno vogliamo provarci.<\/p>\n\n\n\n<p>Il prototipo di mDavra 2.0 \u00e8 una applicazione web indipendente integrata tramite Web Service alla piattaforma per la gestione del patrimonio culturale indiano (E-Dvara). Questa applicazione viene fornita agli utenti tramite una specifica applicazione \u201cclient side\u201d, denominata CAB (Context Aware Browser), disponibile per iPhone e dispositivi Android.<\/p>\n\n\n\n<p>Tramite questa applicazione gli utenti possono visitare musei e siti culturali ottenendo supporto ed informazioni direttamente sui propri dispositivi mobili. Infatti, utilizzando differenti approcci di localizzazione (WiFi, GPS e QRCode), l\u2019applicazione \u00e8 in grado di determinare il contesto dell\u2019utente e di offrirgli il contenuto culturale pi\u00f9 rilevante. Questi contenuti vengono recuperati sia dalla piattaforma E-Dvara e che dai servizi messi a disposizione dal web 2.0 (Wikipedia, Picasa, Flickr, Blogs, ecc).<\/p>\n\n\n\n<p>L\u2019applicazione mDvara 2.0 offre inoltre agli utenti la possibilit\u00e0 di produrre del contenuto da rendere disponibile agli altri visitatori. Gli utenti infatti possono effettuare l\u2019upload delle foto (a servizi quali Flickr o Picasa), modificare lo stato su Twitter, aggiornare il blog (su Blogger) e valutare i contenuti recuperati dal web. In questo modo i visitatori diventano degli attori attivi durante la visita e contribuiscono alla crescita del patrimonio culturale disponibile nel sistema.<\/p>\n\n\n\n<p>Il progetto \u00e8 stato sviluppato nell\u2019ambito del progetto internazionale FIRB in collaborazione con l\u2019Universit\u00e0 degli Studi di Udine e la MoBe srl.<\/p>\n\n\n\n<figure class=\"wp-block-image size-large\"><img loading=\"lazy\" decoding=\"async\" width=\"1024\" height=\"483\" src=\"https:\/\/smdc.uniud.it\/smdc\/wp-content\/uploads\/2023\/10\/download-1024x483.jpeg\" alt=\"\" class=\"wp-image-1004\" srcset=\"http:\/\/smdc.uniud.it\/smdc\/wp-content\/uploads\/2023\/10\/download-1024x483.jpeg 1024w, http:\/\/smdc.uniud.it\/smdc\/wp-content\/uploads\/2023\/10\/download-300x141.jpeg 300w, http:\/\/smdc.uniud.it\/smdc\/wp-content\/uploads\/2023\/10\/download-768x362.jpeg 768w, http:\/\/smdc.uniud.it\/smdc\/wp-content\/uploads\/2023\/10\/download-1536x724.jpeg 1536w, http:\/\/smdc.uniud.it\/smdc\/wp-content\/uploads\/2023\/10\/download.jpeg 1544w\" sizes=\"auto, (max-width: 1024px) 100vw, 1024px\" \/><\/figure>\n\n\n\n<h2 class=\"wp-block-heading\">Readersourcing<\/h2>\n\n\n\n<p>Il modello &#8220;Readersourcing&#8221; mira a sfruttare le opinioni dei lettori al fine di superare la carenza di revisori e, allo stesso tempo, seguire i principi della collaborazione di massa, dell&#8217;intelligenza collettiva e della saggezza della folla resi possibili ed amplificati da Web 2.0. Permettere ai lettori di esprimere il loro giudizio sul lavoro che leggono non pu\u00f2 essere un approccio ragionevole, poich\u00e9 non tutti i lettori possono essere considerati altrettanto preparati e affidabili; ecco perch\u00e9 il modello proposto assegna anche un punteggio a ciascun revisore, in modo che i giudizi di coloro che hanno dimostrato di essere buoni revisori abbiano pi\u00f9 peso di quelli che non dovrebbero essere considerati affidabili. Tale punteggio viene generato implicitamente e dinamicamente dal sistema, attraverso il confronto continuo dei giudizi espressi dai lettori su ciascun lavoro con il suo punteggio attuale; fornire (o aver fornito) giudizi corretti (errati) porter\u00e0 quindi a punteggi dei lettori pi\u00f9 alti (pi\u00f9 bassi), generando idealmente un circolo virtuoso.<\/p>\n\n\n\n<p>Il progetto \u00e8 stato parzialmente supportato dal progetto FIRB in collaborazione con l&#8217;Universit\u00e0 di Udine.<\/p>\n","protected":false},"excerpt":{"rendered":"<p>Il progetto FIRB, coordinato dall\u2019Universit\u00e0 degli Studi di Udine in collaborazione con il B.M. Birla Science Centre, si pone come obiettivo di personalizzare, sperimentare, verificare e gestire software e infrastrutture di rete per incrementare la diffusione, l\u2019accorpamento e l\u2019utilizzo di dati, informazioni e conoscenza, all\u2019interno dell\u2019universit\u00e0, dei centri di ricerca e dell\u2019industria. ICT for EU-India&hellip; <a class=\"more-link\" href=\"http:\/\/smdc.uniud.it\/smdc\/firb\/\">Continua a leggere <span class=\"screen-reader-text\">FIRB EU-India<\/span><\/a><\/p>\n","protected":false},"author":1,"featured_media":0,"parent":0,"menu_order":0,"comment_status":"closed","ping_status":"closed","template":"","meta":{"footnotes":""},"class_list":["post-46","page","type-page","status-publish","hentry","entry"],"_links":{"self":[{"href":"http:\/\/smdc.uniud.it\/smdc\/wp-json\/wp\/v2\/pages\/46","targetHints":{"allow":["GET"]}}],"collection":[{"href":"http:\/\/smdc.uniud.it\/smdc\/wp-json\/wp\/v2\/pages"}],"about":[{"href":"http:\/\/smdc.uniud.it\/smdc\/wp-json\/wp\/v2\/types\/page"}],"author":[{"embeddable":true,"href":"http:\/\/smdc.uniud.it\/smdc\/wp-json\/wp\/v2\/users\/1"}],"replies":[{"embeddable":true,"href":"http:\/\/smdc.uniud.it\/smdc\/wp-json\/wp\/v2\/comments?post=46"}],"version-history":[{"count":2,"href":"http:\/\/smdc.uniud.it\/smdc\/wp-json\/wp\/v2\/pages\/46\/revisions"}],"predecessor-version":[{"id":1005,"href":"http:\/\/smdc.uniud.it\/smdc\/wp-json\/wp\/v2\/pages\/46\/revisions\/1005"}],"wp:attachment":[{"href":"http:\/\/smdc.uniud.it\/smdc\/wp-json\/wp\/v2\/media?parent=46"}],"curies":[{"name":"wp","href":"https:\/\/api.w.org\/{rel}","templated":true}]}}