{"id":43,"date":"2015-04-27T13:43:58","date_gmt":"2015-04-27T11:43:58","guid":{"rendered":"http:\/\/smdc.uniud.it\/smdc\/?page_id=43"},"modified":"2024-09-01T21:48:36","modified_gmt":"2024-09-01T19:48:36","slug":"membri","status":"publish","type":"page","link":"http:\/\/smdc.uniud.it\/smdc\/membri\/","title":{"rendered":"Membri"},"content":{"rendered":"\n<h2 class=\"wp-block-heading has-text-align-center\">Stefano Mizzaro<\/h2>\n\n\n<div class=\"wp-block-image is-style-rounded\">\n<figure class=\"aligncenter size-medium\"><img loading=\"lazy\" decoding=\"async\" width=\"300\" height=\"225\" src=\"http:\/\/smdc.uniud.it\/smdc\/wp-content\/uploads\/2021\/05\/SM-300x225.jpeg\" alt=\"\" class=\"wp-image-890\" srcset=\"http:\/\/smdc.uniud.it\/smdc\/wp-content\/uploads\/2021\/05\/SM-300x225.jpeg 300w, http:\/\/smdc.uniud.it\/smdc\/wp-content\/uploads\/2021\/05\/SM.jpeg 640w\" sizes=\"auto, (max-width: 300px) 100vw, 300px\" \/><\/figure>\n<\/div>\n\n\n<p><\/p>\n\n\n\n<p><strong>Bio<\/strong>: Stefano Mizzaro \u00e8 professore ordinario di Informatica presso l\u2019Universit\u00e0 di Udine. \u00c8 responsabile del Laboratorio Social, Mobile, Data, Crowd. I suoi interessi di ricerca includono l&#8217;information retrieval e i motori di ricerca, il crowdsourcing, i sistemi mobili sensibili al contesto, e pubblicazioni accademiche elettroniche. Ha un dottorato in Informatica ottenuto presso l\u2019Universit\u00e0 di Trieste.<\/p>\n\n\n\n<p><strong>Indirizzo Mail<\/strong>: mizzaro(at)uniud[dot]it<\/p>\n\n\n\n<div class=\"wp-block-buttons is-horizontal is-content-justification-center is-layout-flex wp-container-core-buttons-is-layout-499968f5 wp-block-buttons-is-layout-flex\">\n<div class=\"wp-block-button\"><a class=\"wp-block-button__link wp-element-button\" href=\"https:\/\/users.dimi.uniud.it\/~stefano.mizzaro\/\" target=\"_blank\" rel=\"noreferrer noopener\">PAGINA PERSONALE<\/a><\/div>\n<\/div>\n\n\n\n<h2 class=\"wp-block-heading has-text-align-center\">Vincenzo Della Mea<\/h2>\n\n\n<div class=\"wp-block-image is-style-rounded\">\n<figure class=\"aligncenter size-full is-resized\"><img loading=\"lazy\" decoding=\"async\" width=\"512\" height=\"512\" src=\"https:\/\/smdc.uniud.it\/smdc\/wp-content\/uploads\/2023\/10\/vincenzo-della-mea.jpeg\" alt=\"\" class=\"wp-image-1014\" style=\"width:318px;height:318px\" srcset=\"http:\/\/smdc.uniud.it\/smdc\/wp-content\/uploads\/2023\/10\/vincenzo-della-mea.jpeg 512w, http:\/\/smdc.uniud.it\/smdc\/wp-content\/uploads\/2023\/10\/vincenzo-della-mea-300x300.jpeg 300w, http:\/\/smdc.uniud.it\/smdc\/wp-content\/uploads\/2023\/10\/vincenzo-della-mea-150x150.jpeg 150w\" sizes=\"auto, (max-width: 512px) 100vw, 512px\" \/><\/figure>\n<\/div>\n\n\n<p><strong>Bio<\/strong>: Vincenzo Della Mea \u00e8 professore associato di Sistemi di Elaborazione delle Informazioni. I suoi interessi di ricerca ruotano attorno all&#8217;informatica medica ed in particolare digital pathology, classificazioni ed ontologie biomediche, applicazioni del machine learning alla Medicina. Per ulteriori dettagli sull&#8217;attivit\u00e0 di ricerca \u00e8 possibile consultare la <a href=\"http:\/\/users.dimi.uniud.it\/~vincenzo.dellamea\/\">pagina istituzionale<\/a>. Oltre a ci\u00f2, ha pubblicato alcune raccolte poetiche:&nbsp;<em>L\u2019infanzia di G\u00f6del<\/em>&nbsp;(La Barca di Babele, 1999),&nbsp;<em>Algoritmi<\/em>&nbsp;(Lietocolle, 2004 &#8211; premio Nelle terre dei Pallavicino 2005),&nbsp;<em>I sogni della guerra<\/em>&nbsp;(Circolo Culturale Menocchio, 2008),&nbsp;<em>Storie Naturali<\/em>&nbsp;(Raffaelli Editore, 2016). Nel 2023 \u00e8 uscito&nbsp;<em>Clone 2.0<\/em>&nbsp;(PordenoneLegge\/Samuele Editore), scritto addestrando una rete neurale. Ha organizzato diverse iniziative a cavallo tra scienza e poesia, tra cui l\u2019antologia tematica su poesia e computer Verso i bit (Lietocolle, 2007) e l\u2019evento Il gene di Leopardi (Udine, 2006).<\/p>\n\n\n\n<p><strong>Indirizzo Mail<\/strong>: vincenzo[dot]dellamea(at)uniud[dot]it<\/p>\n\n\n\n<div class=\"wp-block-buttons is-horizontal is-content-justification-center is-layout-flex wp-container-core-buttons-is-layout-499968f5 wp-block-buttons-is-layout-flex\">\n<div class=\"wp-block-button\"><a class=\"wp-block-button__link wp-element-button\" href=\"http:\/\/www.dellamea.it\/\" target=\"_blank\" rel=\"noreferrer noopener\">PAGINA PERSONALE<\/a><\/div>\n<\/div>\n\n\n\n<div class=\"wp-block-columns is-layout-flex wp-container-core-columns-is-layout-9d6595d7 wp-block-columns-is-layout-flex\">\n<div class=\"wp-block-column is-layout-flow wp-block-column-is-layout-flow\" style=\"flex-basis:100%\">\n<h2 class=\"wp-block-heading has-text-align-center\">Ivan Scagnetto<\/h2>\n\n\n<div class=\"wp-block-image is-style-rounded\">\n<figure class=\"aligncenter size-large is-resized\"><img loading=\"lazy\" decoding=\"async\" width=\"120\" height=\"150\" src=\"http:\/\/smdc.uniud.it\/smdc\/wp-content\/uploads\/2021\/05\/ivanScagnetto.jpg\" alt=\"\" class=\"wp-image-893\" style=\"width:192px;height:240px\"\/><\/figure>\n<\/div>\n\n\n<p><strong>Bio<\/strong>: Ivan Scagnetto \u00e8 un&nbsp;ricercatore di Informatica presso il Dipartimento di Scienze Matematiche, Informatiche e Fisiche dell\u2019Universit\u00e0 degli Studi di Udine.&nbsp;I suoi interessi di ricerca si concentrano sui sistemi mobili sensibili al contesto e sull&#8217;IoT.&nbsp;Ha un dottorato in Informatica ottenuto presso l\u2019Universit\u00e0 degli Studi di Udine.<\/p>\n\n\n\n<p><strong>Indirizzo Mail<\/strong>: ivan[dot]scagnetto(at)uniud[dot]it<\/p>\n\n\n\n<div class=\"wp-block-buttons is-horizontal is-content-justification-center is-layout-flex wp-container-core-buttons-is-layout-499968f5 wp-block-buttons-is-layout-flex\">\n<div class=\"wp-block-button\"><a class=\"wp-block-button__link wp-element-button\" href=\"https:\/\/users.dimi.uniud.it\/~ivan.scagnetto\/\" target=\"_blank\" rel=\"noreferrer noopener\">PAGINA PERSONALE<\/a><\/div>\n<\/div>\n\n\n\n<h2 class=\"wp-block-heading has-text-align-center\">Paolo Coppola<\/h2>\n\n\n<div class=\"wp-block-image is-style-rounded\">\n<figure class=\"aligncenter size-large is-resized\"><img loading=\"lazy\" decoding=\"async\" width=\"1024\" height=\"1024\" src=\"https:\/\/smdc.uniud.it\/smdc\/wp-content\/uploads\/2023\/10\/paolo-coppola-1024x1024.jpeg\" alt=\"\" class=\"wp-image-1015\" style=\"width:330px;height:330px\" srcset=\"http:\/\/smdc.uniud.it\/smdc\/wp-content\/uploads\/2023\/10\/paolo-coppola-1024x1024.jpeg 1024w, http:\/\/smdc.uniud.it\/smdc\/wp-content\/uploads\/2023\/10\/paolo-coppola-300x300.jpeg 300w, http:\/\/smdc.uniud.it\/smdc\/wp-content\/uploads\/2023\/10\/paolo-coppola-150x150.jpeg 150w, http:\/\/smdc.uniud.it\/smdc\/wp-content\/uploads\/2023\/10\/paolo-coppola-768x768.jpeg 768w, http:\/\/smdc.uniud.it\/smdc\/wp-content\/uploads\/2023\/10\/paolo-coppola.jpeg 1382w\" sizes=\"auto, (max-width: 1024px) 100vw, 1024px\" \/><\/figure>\n<\/div>\n\n\n<p><strong>Bio<\/strong>: Paolo Coppola \u00e8 professore associato. Si occupa dei corsi di Programmazione, Informatica per i beni culturali, Informatica applicata al turismo e ai beni culturali, Logica filosofica e matematica. I suoi interessi di ricerca sono: lambda-calcolo, logica lineare, sistemi mobili dipendenti dal contesto, e-learning, ed e-government.<\/p>\n\n\n\n<p><strong>Indirizzo Mail<\/strong>: paolo[dot]coppola(at)uniud[dot]it<\/p>\n\n\n\n<div class=\"wp-block-buttons is-horizontal is-content-justification-center is-layout-flex wp-container-core-buttons-is-layout-499968f5 wp-block-buttons-is-layout-flex\">\n<div class=\"wp-block-button\"><a class=\"wp-block-button__link wp-element-button\" href=\"https:\/\/users.dimi.uniud.it\/~paolo.coppola\/\" target=\"_blank\" rel=\"noreferrer noopener\">PAGINA PERSONALE<\/a><\/div>\n<\/div>\n\n\n\n<h2 class=\"wp-block-heading has-text-align-center\">Giuseppe Serra<\/h2>\n\n\n<div class=\"wp-block-image is-style-rounded\">\n<figure class=\"aligncenter size-large is-resized\"><img loading=\"lazy\" decoding=\"async\" width=\"830\" height=\"1024\" src=\"https:\/\/smdc.uniud.it\/smdc\/wp-content\/uploads\/2023\/10\/giuseppe-serra-830x1024.jpeg\" alt=\"\" class=\"wp-image-1016\" style=\"width:334px;height:412px\" srcset=\"http:\/\/smdc.uniud.it\/smdc\/wp-content\/uploads\/2023\/10\/giuseppe-serra-830x1024.jpeg 830w, http:\/\/smdc.uniud.it\/smdc\/wp-content\/uploads\/2023\/10\/giuseppe-serra-243x300.jpeg 243w, http:\/\/smdc.uniud.it\/smdc\/wp-content\/uploads\/2023\/10\/giuseppe-serra-768x947.jpeg 768w, http:\/\/smdc.uniud.it\/smdc\/wp-content\/uploads\/2023\/10\/giuseppe-serra-1245x1536.jpeg 1245w, http:\/\/smdc.uniud.it\/smdc\/wp-content\/uploads\/2023\/10\/giuseppe-serra.jpeg 1457w\" sizes=\"auto, (max-width: 830px) 100vw, 830px\" \/><\/figure>\n<\/div>\n\n\n<p><strong>Bio<\/strong>: Giuseppe Serra \u00e8 un Professore Associato presso l&#8217;Universit\u00e0 degli Studi di Udine, dal novembre 2019. Ha conseguito il suo dottorato in Ingegneria Informatica, Multimedia e Telecomunicazioni nel 2010 presso l&#8217;Universit\u00e0 di Firenze, Italia. Dal 2014 al 2016 \u00e8 stato Professore Aggiunto presso l&#8217;Universit\u00e0 di Modena e Reggio Emilia, Italia. \u00c8 stato un ricercatore ospite presso la Carnegie Mellon University, Pittsburgh, USA, e presso Telecom ParisTech\/ENST, Parigi, rispettivamente nel 2006 e nel 2010. I suoi interessi di ricerca includono l&#8217;Apprendimento Automatico (Machine Learning) e l&#8217;Apprendimento Profondo (Deep Learning).<\/p>\n\n\n\n<p><strong>Indirizzo Mail<\/strong>: giuseppe[dot]serra(at)uniud[dot]it<\/p>\n\n\n\n<div class=\"wp-block-buttons is-horizontal is-content-justification-center is-layout-flex wp-container-core-buttons-is-layout-499968f5 wp-block-buttons-is-layout-flex\">\n<div class=\"wp-block-button\"><a class=\"wp-block-button__link wp-element-button\" href=\"https:\/\/people.uniud.it\/page\/giuseppe.serra\" target=\"_blank\" rel=\"noreferrer noopener\">PAGINA PERSONALE<\/a><\/div>\n<\/div>\n\n\n\n<h2 class=\"wp-block-heading has-text-align-center\">Luca Di Gaspero<\/h2>\n\n\n<div class=\"wp-block-image is-style-rounded\">\n<figure class=\"aligncenter size-medium\"><img loading=\"lazy\" decoding=\"async\" width=\"300\" height=\"300\" src=\"http:\/\/smdc.uniud.it\/smdc\/wp-content\/uploads\/2021\/05\/luca-300x300.jpeg\" alt=\"\" class=\"wp-image-896\" srcset=\"http:\/\/smdc.uniud.it\/smdc\/wp-content\/uploads\/2021\/05\/luca-300x300.jpeg 300w, http:\/\/smdc.uniud.it\/smdc\/wp-content\/uploads\/2021\/05\/luca-150x150.jpeg 150w, http:\/\/smdc.uniud.it\/smdc\/wp-content\/uploads\/2021\/05\/luca-768x768.jpeg 768w, http:\/\/smdc.uniud.it\/smdc\/wp-content\/uploads\/2021\/05\/luca.jpeg 820w\" sizes=\"auto, (max-width: 300px) 100vw, 300px\" \/><\/figure>\n<\/div>\n\n\n<p><strong>Bio:<\/strong> Luca Di Gaspero \u00e8 professore associato di Information Technology (Sistemi di Elaborazione delle Informazioni, ING-INF\/05) dal 2005. E&#8217; membro dello&nbsp;<a href=\"http:\/\/satt.diegm.uniud.it\/\">Scheduling and Timetabling research group<\/a>, il cui ambito di ricerca riguarda lo studio e l&#8217;applicazione di tecniche meta-euristiche a problemi reali di ottimizzazione combinatoria nei domini dello Scheduling, Timetabling, e della Logistica Computazionale. Il suo principale interesse di ricerca riguarda il miglioramento delle tecniche meta-euristiche attraverso l&#8217;ibridizzazione con altri metodi di ottimizzazione, in particolare dell&#8217;area dell&#8217;Intelligenza Artificiale, quali la Programmazione con Vincoli e l&#8217;Apprendimento per Rinforzo.Ha ricevuto la Laurea in Scienze dell&#8217;Informazione (1998), la Laurea in Informatica (2003) e il Dottorato di Ricerca in Informatica (2002) presso l&#8217;Universit\u00e0 di Udine, per la quale ha lavorato anche come Assegnista di Ricerca (2003-2004) e Ricercatore (2005-2016). Nel corso del suo dottorato \u00e8 stato visiting student al Centrum voor Wiskunde en Informatica di Amsterdam (Paesi Bassi). Nel 2011 \u00e8 stato Visiting Professor presso la Technische Universit\u00e4t Wien (Austria). Nel dicembre 2017 ha ottenuto l&#8217;abilitazione a professore ordinario per i settori Sistemi di Elaborazione delle Informazioni (ING-INF\/05) e Informatica (INF\/01). \u00c8 autore o co-autore di oltre 100 articoli scientifici peer-reviewed pubblicati su riviste, libri e atti di conferenze internazionali. Alcuni indicatori bibliometrici della sua attivit\u00e0 di ricerca sono: 2746 citazioni, h-index 28, g-index 51, citazioni per articolo 26.92 (aggiornamento febbraio 2020). Il suo impatto sulla ricerca negli anni 2004-2008, misurato da un&#8217;agenzia di valutazione con diverse metriche, lo colloca nel top 10%-25% dei docenti e ricercatori del suo settore scientifico.<\/p>\n\n\n\n<p><strong>Indirizzo Mail<\/strong>: luca[dot]digaspero(at)uniud[dot]it<\/p>\n\n\n\n<div class=\"wp-block-buttons is-horizontal is-content-justification-center is-layout-flex wp-container-core-buttons-is-layout-499968f5 wp-block-buttons-is-layout-flex\">\n<div class=\"wp-block-button\"><a class=\"wp-block-button__link wp-element-button\" href=\"https:\/\/people.uniud.it\/page\/luca.digaspero\/\" target=\"_blank\" rel=\"noreferrer noopener\">PAGINA PERSONALE<\/a><\/div>\n<\/div>\n\n\n\n<h2 class=\"wp-block-heading has-text-align-center\">Eddy Maddalena<\/h2>\n\n\n<div class=\"wp-block-image is-style-rounded\">\n<figure class=\"aligncenter size-large is-resized\"><img loading=\"lazy\" decoding=\"async\" width=\"796\" height=\"1024\" src=\"https:\/\/smdc.uniud.it\/smdc\/wp-content\/uploads\/2023\/10\/eddy-maddalena-796x1024.jpeg\" alt=\"\" class=\"wp-image-1021\" style=\"width:333px;height:428px\" srcset=\"http:\/\/smdc.uniud.it\/smdc\/wp-content\/uploads\/2023\/10\/eddy-maddalena-796x1024.jpeg 796w, http:\/\/smdc.uniud.it\/smdc\/wp-content\/uploads\/2023\/10\/eddy-maddalena-233x300.jpeg 233w, http:\/\/smdc.uniud.it\/smdc\/wp-content\/uploads\/2023\/10\/eddy-maddalena-768x987.jpeg 768w, http:\/\/smdc.uniud.it\/smdc\/wp-content\/uploads\/2023\/10\/eddy-maddalena-1195x1536.jpeg 1195w, http:\/\/smdc.uniud.it\/smdc\/wp-content\/uploads\/2023\/10\/eddy-maddalena-1593x2048.jpeg 1593w, http:\/\/smdc.uniud.it\/smdc\/wp-content\/uploads\/2023\/10\/eddy-maddalena-1568x2016.jpeg 1568w, http:\/\/smdc.uniud.it\/smdc\/wp-content\/uploads\/2023\/10\/eddy-maddalena-scaled.jpeg 1991w\" sizes=\"auto, (max-width: 796px) 100vw, 796px\" \/><\/figure>\n<\/div>\n\n\n<p><strong>Bio<\/strong>: Eddy Maddalena \u00e8 un ricercatore e docente del Dipartimento di Scienze Matematiche, Informatiche e Fisiche (DMIF) dell&#8217;Universit\u00e0 degli Studi di Udine. Attualmente insegna &#8220;Fondamenti di Scienza dei Dati e Laboratorio&#8221; per la nella Laurea Triennale in Internet of things, Big Data, Machine Learning (IBML), &#8220;Progettazione e Analisi orientate agli oggetti&#8221; per la Laurea Magistrale di Informatica e al \u201cMaster in Intelligence e ICT\u201d. Si occupa di varie tematiche di ricerca, in paritcolare: Crowdsourcing, Human Computation, Information Retrieval e Gamification.<\/p>\n\n\n\n<p><strong>Indirizzo Mail<\/strong>: eddy[dot]maddalena(at)uniud[dot]it<\/p>\n\n\n\n<div class=\"wp-block-buttons is-content-justification-center is-layout-flex wp-container-core-buttons-is-layout-16018d1d wp-block-buttons-is-layout-flex\">\n<div class=\"wp-block-button\"><a class=\"wp-block-button__link wp-element-button\">PAGINA PERSONALE<\/a><\/div>\n<\/div>\n\n\n\n<h2 class=\"wp-block-heading has-text-align-center\">Kevin Roitero<\/h2>\n\n\n<div class=\"wp-block-image is-style-rounded\">\n<figure class=\"aligncenter size-medium is-resized\"><img loading=\"lazy\" decoding=\"async\" width=\"213\" height=\"300\" src=\"http:\/\/smdc.uniud.it\/smdc\/wp-content\/uploads\/2021\/05\/KevinRoitero-213x300.jpg\" alt=\"\" class=\"wp-image-897\" style=\"width:275px;height:387px\" srcset=\"http:\/\/smdc.uniud.it\/smdc\/wp-content\/uploads\/2021\/05\/KevinRoitero-213x300.jpg 213w, http:\/\/smdc.uniud.it\/smdc\/wp-content\/uploads\/2021\/05\/KevinRoitero.jpg 678w\" sizes=\"auto, (max-width: 213px) 100vw, 213px\" \/><\/figure>\n<\/div>\n\n\n<p><strong>Bio<\/strong>: Kevin Roitero \u00e8 Ricercatore RTD\/a presso l&#8217;Universit\u00e0 degli Studi di Udine. I suoi interessi di ricerca includono l&#8217;Intelligenza Artificiale, il Crowdsourcing, e l&#8217;Information Retrieval. Ha visitato e collaborato con diverse universit\u00e0, nonch\u00e9 con importanti partner industriali. Come risultato del suo lavoro, ha ricevuto molteplici grant e premi, inclusa la partecipazione alla 7\u00aa edizione del prestigioso Heidelberg Laureate Forum (migliori 200 giovani ricercatori in matematica e informatica), il premio &#8220;con.Scienze2020&#8221; per la migliore tesi di dottorato in Informatica discussa nel 2020 in Italia, il Best Short Paper Award (Top 0,6%) a &#8220;ECIR2020&#8221;, per il paper &#8220;Crowdsourcing Truthfulness: The Impact of Judgment Scale and Assessor Bias&#8221;, ed il Best Paper Award (Top 5%) a &#8220;NL4AI 2022&#8221;, per il paper &#8220;A Hybrid Human-In-The-Loop Framework for Fact Checking&#8221;.<\/p>\n<\/div>\n<\/div>\n\n\n\n<p><strong>Indirizzo Mail<\/strong>: kevin[dot]roitero(at)uniud[dot]it<\/p>\n\n\n\n<div class=\"wp-block-buttons is-horizontal is-content-justification-center is-layout-flex wp-container-core-buttons-is-layout-499968f5 wp-block-buttons-is-layout-flex\">\n<div class=\"wp-block-button\"><a class=\"wp-block-button__link wp-element-button\" href=\"https:\/\/kevinroitero.com\/\">PAGINA PERSONALE<\/a><\/div>\n<\/div>\n\n\n\n<h2 class=\"wp-block-heading has-text-align-center\">Michael Soprano<\/h2>\n\n\n<div class=\"wp-block-image is-style-rounded\">\n<figure class=\"aligncenter size-full is-resized\"><img loading=\"lazy\" decoding=\"async\" width=\"960\" height=\"958\" src=\"http:\/\/smdc.uniud.it\/smdc\/wp-content\/uploads\/2024\/06\/michael-soprano.jpg\" alt=\"\" class=\"wp-image-1093\" style=\"aspect-ratio:1;width:363px;height:auto\" srcset=\"http:\/\/smdc.uniud.it\/smdc\/wp-content\/uploads\/2024\/06\/michael-soprano.jpg 960w, http:\/\/smdc.uniud.it\/smdc\/wp-content\/uploads\/2024\/06\/michael-soprano-300x300.jpg 300w, http:\/\/smdc.uniud.it\/smdc\/wp-content\/uploads\/2024\/06\/michael-soprano-150x150.jpg 150w, http:\/\/smdc.uniud.it\/smdc\/wp-content\/uploads\/2024\/06\/michael-soprano-768x766.jpg 768w\" sizes=\"auto, (max-width: 960px) 100vw, 960px\" \/><\/figure>\n<\/div>\n\n\n<p><strong>Bio:<\/strong> Michael Soprano \u00e8 un assegnista di ricerca (PostDoc) presso l&#8217;universit\u00e0 degli Studi di Udine, presso la quale ha conseguito il Dottorato di Ricerca in Informatica e Scienze Matematiche e Fisiche nel maggio del 2023. Il suo principale ambito di ricerca \u00e8 incentrato sull&#8217;utilizzo di approcci basati sul crowdsourcing per affrontare il crescente problema della diffusione di informazioni errate (misinformazione).<\/p>\n\n\n\n<p><strong>Indirizzo Mail<\/strong>: michael[dot]soprano(at)uniud[dot]it<\/p>\n\n\n\n<div class=\"wp-block-buttons is-horizontal is-content-justification-center is-layout-flex wp-container-core-buttons-is-layout-499968f5 wp-block-buttons-is-layout-flex\">\n<div class=\"wp-block-button\"><a class=\"wp-block-button__link wp-element-button\" href=\"https:\/\/michaelsoprano.com\/\">PAGINA PERSONALE<\/a><\/div>\n<\/div>\n\n\n\n<h2 class=\"wp-block-heading has-text-align-center\">David La Barbera<\/h2>\n\n\n<div class=\"wp-block-image is-style-rounded\">\n<figure class=\"aligncenter size-large is-resized\"><img loading=\"lazy\" decoding=\"async\" width=\"1024\" height=\"1024\" src=\"http:\/\/smdc.uniud.it\/smdc\/wp-content\/uploads\/2022\/05\/david_la_barbera-1024x1024.png\" alt=\"\" class=\"wp-image-934\" style=\"width:384px;height:384px\" srcset=\"http:\/\/smdc.uniud.it\/smdc\/wp-content\/uploads\/2022\/05\/david_la_barbera-1024x1024.png 1024w, http:\/\/smdc.uniud.it\/smdc\/wp-content\/uploads\/2022\/05\/david_la_barbera-300x300.png 300w, http:\/\/smdc.uniud.it\/smdc\/wp-content\/uploads\/2022\/05\/david_la_barbera-150x150.png 150w, http:\/\/smdc.uniud.it\/smdc\/wp-content\/uploads\/2022\/05\/david_la_barbera-768x768.png 768w, http:\/\/smdc.uniud.it\/smdc\/wp-content\/uploads\/2022\/05\/david_la_barbera.png 1300w\" sizes=\"auto, (max-width: 1024px) 100vw, 1024px\" \/><\/figure>\n<\/div>\n\n\n<p><strong>Bio:<\/strong> David La Barbera \u00e8 uno studente del Dottorato di Ricerca in Informatica e Intelligenza Artificiale (37\u00b0ciclo) presso l\u2019Universit\u00e0 degli Studi di Udine, dove ha conseguito con Lode la Laurea Magistrale in Informatica nel 2019. I suoi interessi di ricerca includono Crowdsourcing, Information Retrieval e Data Science.<\/p>\n\n\n\n<p>In<strong>dirizzo Mail<\/strong>: david[dot]labarbera(at)uniud[dot]it<\/p>\n\n\n\n<h2 class=\"wp-block-heading has-text-align-center\">Riccardo Lunardi<\/h2>\n\n\n<div class=\"wp-block-image is-style-rounded\">\n<figure class=\"aligncenter size-large is-resized\"><img loading=\"lazy\" decoding=\"async\" width=\"1024\" height=\"997\" src=\"https:\/\/smdc.uniud.it\/smdc\/wp-content\/uploads\/2024\/09\/riccardo-lunardi-1024x997.jpg\" alt=\"\" class=\"wp-image-1102\" style=\"width:414px;height:auto\" srcset=\"http:\/\/smdc.uniud.it\/smdc\/wp-content\/uploads\/2024\/09\/riccardo-lunardi-1024x997.jpg 1024w, http:\/\/smdc.uniud.it\/smdc\/wp-content\/uploads\/2024\/09\/riccardo-lunardi-300x292.jpg 300w, http:\/\/smdc.uniud.it\/smdc\/wp-content\/uploads\/2024\/09\/riccardo-lunardi-768x748.jpg 768w, http:\/\/smdc.uniud.it\/smdc\/wp-content\/uploads\/2024\/09\/riccardo-lunardi.jpg 1352w\" sizes=\"auto, (max-width: 1024px) 100vw, 1024px\" \/><\/figure>\n<\/div>\n\n\n<p>Riccardo Lunardi \u00e8 un assegnista di ricerca presso l&#8217;Universit\u00e0 di Udine, afferente al Dipartimento di Scienze Matematiche, Informatiche e Fisiche. Ha conseguito la laurea magistrale in Informatica, specializzandosi in Big Data Analytics, e inizier\u00e0 presto i suoi studi di dottorato in Informatica e Intelligenza Artificiale. I suoi interessi di ricerca riguardano i Large Language Models, la Retrieval-Augmented Generation e l&#8217;Information Retrieval.<\/p>\n\n\n\n<p>In<strong>dirizzo Mail<\/strong>: riccardo[dot]lunardi[at]uniud[dot]it<\/p>\n","protected":false},"excerpt":{"rendered":"<p>Stefano Mizzaro Bio: Stefano Mizzaro \u00e8 professore ordinario di Informatica presso l\u2019Universit\u00e0 di Udine. \u00c8 responsabile del Laboratorio Social, Mobile, Data, Crowd. I suoi interessi di ricerca includono l&#8217;information retrieval e i motori di ricerca, il crowdsourcing, i sistemi mobili sensibili al contesto, e pubblicazioni accademiche elettroniche. Ha un dottorato in Informatica ottenuto presso l\u2019Universit\u00e0&hellip; <a class=\"more-link\" href=\"http:\/\/smdc.uniud.it\/smdc\/membri\/\">Continua a leggere <span class=\"screen-reader-text\">Membri<\/span><\/a><\/p>\n","protected":false},"author":2,"featured_media":0,"parent":0,"menu_order":0,"comment_status":"closed","ping_status":"closed","template":"","meta":{"footnotes":""},"class_list":["post-43","page","type-page","status-publish","hentry","entry"],"_links":{"self":[{"href":"http:\/\/smdc.uniud.it\/smdc\/wp-json\/wp\/v2\/pages\/43","targetHints":{"allow":["GET"]}}],"collection":[{"href":"http:\/\/smdc.uniud.it\/smdc\/wp-json\/wp\/v2\/pages"}],"about":[{"href":"http:\/\/smdc.uniud.it\/smdc\/wp-json\/wp\/v2\/types\/page"}],"author":[{"embeddable":true,"href":"http:\/\/smdc.uniud.it\/smdc\/wp-json\/wp\/v2\/users\/2"}],"replies":[{"embeddable":true,"href":"http:\/\/smdc.uniud.it\/smdc\/wp-json\/wp\/v2\/comments?post=43"}],"version-history":[{"count":14,"href":"http:\/\/smdc.uniud.it\/smdc\/wp-json\/wp\/v2\/pages\/43\/revisions"}],"predecessor-version":[{"id":1103,"href":"http:\/\/smdc.uniud.it\/smdc\/wp-json\/wp\/v2\/pages\/43\/revisions\/1103"}],"wp:attachment":[{"href":"http:\/\/smdc.uniud.it\/smdc\/wp-json\/wp\/v2\/media?parent=43"}],"curies":[{"name":"wp","href":"https:\/\/api.w.org\/{rel}","templated":true}]}}